{"id":1842,"date":"2025-05-05T15:42:22","date_gmt":"2025-05-05T15:42:22","guid":{"rendered":"https:\/\/internationalyachtscharterandbrokerage.com\/chi-siamo\/"},"modified":"2026-04-01T10:21:50","modified_gmt":"2026-04-01T10:21:50","slug":"chi-siamo","status":"publish","type":"page","link":"https:\/\/internationalyachtscharterandbrokerage.com\/it\/chi-siamo\/","title":{"rendered":"Chi siamo?"},"content":{"rendered":"\t\t<div data-elementor-type=\"wp-page\" data-elementor-id=\"1842\" class=\"elementor elementor-1842 elementor-1214\" data-elementor-post-type=\"page\">\n\t\t\t\t<div class=\"elementor-element elementor-element-ba9033d e-con-full e-flex e-con e-parent\" data-id=\"ba9033d\" data-element_type=\"container\" data-e-type=\"container\" data-settings=\"{&quot;background_background&quot;:&quot;classic&quot;,&quot;jet_parallax_layout_list&quot;:[]}\">\n\t\t\t\t<div class=\"elementor-element elementor-element-52860b8 elementor-widget elementor-widget-heading\" data-id=\"52860b8\" data-element_type=\"widget\" data-e-type=\"widget\" data-widget_type=\"heading.default\">\n\t\t\t\t<div class=\"elementor-widget-container\">\n\t\t\t\t\t<h1 class=\"elementor-heading-title elementor-size-default\">International Yachts Charter and Brokerage XXIII \u2014 La Nostra Storia, La Nostra Competenza<\/h1>\t\t\t\t<\/div>\n\t\t\t\t<\/div>\n\t\t\t\t<div class=\"elementor-element elementor-element-5669e05 elementor-widget elementor-widget-text-editor\" data-id=\"5669e05\" data-element_type=\"widget\" data-e-type=\"widget\" data-settings=\"{&quot;_animation&quot;:&quot;none&quot;}\" data-widget_type=\"text-editor.default\">\n\t\t\t\t<div class=\"elementor-widget-container\">\n\t\t\t\t\t\t\t\t\t<h2 class=\"text-text-100 mt-3 -mb-1 text-[1.125rem] font-bold\">Un&#8217;Agenzia Costruita sull&#8217;Esperienza sul Campo<\/h2><p class=\"font-claude-response-body break-words whitespace-normal leading-[1.7]\"><strong>International Yachts Charter and Brokerage XXIII<\/strong> \u00e8 nata da una semplice convinzione: lo yachting di lusso merita di pi\u00f9 che intermediari generalisti. Di pi\u00f9 che piattaforme che aggregano migliaia di imbarcazioni senza conoscerle. Di pi\u00f9 che broker che operano da un ufficio senza mai mettere piede a bordo.  <\/p><p class=\"font-claude-response-body break-words whitespace-normal leading-[1.7]\">Da oltre <strong>20 anni<\/strong>, il nostro team accompagna una clientela internazionale esigente in due settori distinti ma complementari: il <strong>charter di superyacht con equipaggio<\/strong> e il <strong>brokeraggio di yacht di lusso<\/strong>. Due discipline che richiedono una conoscenza approfondita delle unit\u00e0, degli equipaggi, dei porti e dei mercati \u2014 una conoscenza che si acquisisce solo sul campo, stagione dopo stagione e navigazione dopo navigazione. <\/p><p class=\"font-claude-response-body break-words whitespace-normal leading-[1.7]\">Operiamo nei mercati pi\u00f9 esigenti del Mediterraneo \u2014 <a class=\"underline underline underline-offset-2 decoration-1 decoration-current\/40 hover:decoration-current focus:decoration-current\" href=\"https:\/\/internationalyachtscharterandbrokerage.com\/it\/noleggio-yacht\/costa-azzurra\/\">Costa Azzurra<\/a>, <a class=\"underline underline underline-offset-2 decoration-1 decoration-current\/40 hover:decoration-current focus:decoration-current\" href=\"https:\/\/internationalyachtscharterandbrokerage.com\/it\/noleggio-yacht\/costa-azzurra\/monaco\/\">Monaco<\/a>, <a class=\"underline underline underline-offset-2 decoration-1 decoration-current\/40 hover:decoration-current focus:decoration-current\" href=\"https:\/\/internationalyachtscharterandbrokerage.com\/it\/noleggio-yacht\/costa-azzurra\/cannes\/\">Cannes<\/a>, <a class=\"underline underline underline-offset-2 decoration-1 decoration-current\/40 hover:decoration-current focus:decoration-current\" href=\"https:\/\/internationalyachtscharterandbrokerage.com\/it\/noleggio-yacht\/baleari\/ibiza\/\">Ibiza<\/a>, <a class=\"underline underline underline-offset-2 decoration-1 decoration-current\/40 hover:decoration-current focus:decoration-current\" href=\"https:\/\/internationalyachtscharterandbrokerage.com\/it\/noleggio-yacht\/italia\/sardegna\/\">Sardegna<\/a>, <a class=\"underline underline underline-offset-2 decoration-1 decoration-current\/40 hover:decoration-current focus:decoration-current\" href=\"https:\/\/internationalyachtscharterandbrokerage.com\/it\/noleggio-yacht\/italia\/capri\/\">Capri<\/a> \u2014 e oltre, nei <a class=\"underline underline underline-offset-2 decoration-1 decoration-current\/40 hover:decoration-current focus:decoration-current\" href=\"https:\/\/internationalyachtscharterandbrokerage.com\/it\/noleggio-yacht\/caraibi\/\">Caraibi<\/a> e nelle altre principali destinazioni nautiche mondiali.<\/p>\t\t\t\t\t\t\t\t<\/div>\n\t\t\t\t<\/div>\n\t\t\t\t<\/div>\n\t\t<div class=\"elementor-element elementor-element-06130e6 e-flex e-con-boxed e-con e-parent\" data-id=\"06130e6\" data-element_type=\"container\" data-e-type=\"container\" data-settings=\"{&quot;jet_parallax_layout_list&quot;:[]}\">\n\t\t\t\t\t<div class=\"e-con-inner\">\n\t\t<div class=\"elementor-element elementor-element-a5b88d8 e-con-full e-flex e-con e-child\" data-id=\"a5b88d8\" data-element_type=\"container\" data-e-type=\"container\" data-settings=\"{&quot;background_background&quot;:&quot;classic&quot;,&quot;jet_parallax_layout_list&quot;:[]}\">\n\t\t\t\t<div class=\"elementor-element elementor-element-652d225 elementor-widget elementor-widget-heading\" data-id=\"652d225\" data-element_type=\"widget\" data-e-type=\"widget\" data-settings=\"{&quot;_animation&quot;:&quot;none&quot;}\" data-widget_type=\"heading.default\">\n\t\t\t\t<div class=\"elementor-widget-container\">\n\t\t\t\t\t<h2 class=\"elementor-heading-title elementor-size-default\">Cosa Ci Differenzia<\/h2>\t\t\t\t<\/div>\n\t\t\t\t<\/div>\n\t\t\t\t<div class=\"elementor-element elementor-element-7016b3f elementor-widget elementor-widget-text-editor\" data-id=\"7016b3f\" data-element_type=\"widget\" data-e-type=\"widget\" data-settings=\"{&quot;_animation&quot;:&quot;none&quot;}\" data-widget_type=\"text-editor.default\">\n\t\t\t\t<div class=\"elementor-widget-container\">\n\t\t\t\t\t\t\t\t\t<h3 class=\"text-text-100 mt-2 -mb-1 text-base font-bold\">Una Conoscenza Approfondita degli Yacht che Proponiamo<\/h3><p class=\"font-claude-response-body break-words whitespace-normal leading-[1.7]\">Ogni unit\u00e0 della nostra selezione \u00e8 conosciuta dal nostro team. Non semplicemente referenziata in un database \u2014 conosciuta. Sappiamo come si comporta il PANAM con mare formato, qual \u00e8 la reale qualit\u00e0 del sonno nelle cabine del SILVER WAVE, come reagisce l&#8217;equipaggio del TINY WAVE a una richiesta dell&#8217;ultimo minuto. Questa conoscenza sul campo \u00e8 ci\u00f2 che ci permette di orientarvi verso l&#8217;unit\u00e0 veramente adatta al vostro progetto \u2014 non semplicemente verso quella che si presenta meglio sul catalogo.   <\/p><h3 class=\"text-text-100 mt-2 -mb-1 text-base font-bold\">Un Accesso Off-Market Reale<\/h3><p class=\"font-claude-response-body break-words whitespace-normal leading-[1.7]\">Una parte significativa della nostra selezione \u2014 sia nel charter che nel brokeraggio \u2014 non \u00e8 visibile sulle piattaforme generaliste. Le nostre relazioni dirette con i proprietari e i gestori di flotte, costruite su anni di lavoro e fiducia reciproca, ci danno accesso a opportunit\u00e0 che non raggiungono mai il mercato aperto. Per i nostri clienti, questo significa un accesso privilegiato a yacht d&#8217;eccezione, spesso a condizioni commerciali pi\u00f9 vantaggiose.  <\/p><h3 class=\"text-text-100 mt-2 -mb-1 text-base font-bold\">La Discrezione come Standard<\/h3><p class=\"font-claude-response-body break-words whitespace-normal leading-[1.7]\">La nostra clientela \u2014 imprenditori, investitori, personalit\u00e0 pubbliche, famiglie facoltose \u2014 non deve giustificare il suo bisogno di discrezione. \u00c8 il nostro standard operativo, non un&#8217;opzione. I dettagli di ogni charter o transazione rimangono strettamente confidenziali. I nostri team non commentano n\u00e9 divulgano le informazioni dei loro clienti, in nessuna circostanza.   <\/p><h3 class=\"text-text-100 mt-2 -mb-1 text-base font-bold\">Un Servizio che Non Si Ferma alla Prenotazione<\/h3><p class=\"font-claude-response-body break-words whitespace-normal leading-[1.7]\">Il nostro supporto inizia ben prima della partenza e prosegue per tutta la durata del charter. Modifica dell&#8217;itinerario alle 23:00, richiesta di una prestazione aggiuntiva durante la navigazione, problema tecnico da risolvere con urgenza \u2014 il nostro team \u00e8 reperibile e reattivo 7 giorni su 7. Questo livello di servizio non \u00e8 un argomento commerciale. \u00c8 semplicemente ci\u00f2 che i nostri clienti si aspettano, e ci\u00f2 che noi offriamo.   <\/p>\t\t\t\t\t\t\t\t<\/div>\n\t\t\t\t<\/div>\n\t\t\t\t<\/div>\n\t\t<div class=\"elementor-element elementor-element-25ded3f e-con-full e-flex e-con e-child\" data-id=\"25ded3f\" data-element_type=\"container\" data-e-type=\"container\" data-settings=\"{&quot;jet_parallax_layout_list&quot;:[],&quot;background_background&quot;:&quot;classic&quot;}\">\n\t\t\t\t<\/div>\n\t\t\t\t\t<\/div>\n\t\t\t\t<\/div>\n\t\t<div class=\"elementor-element elementor-element-0b99948 e-flex e-con-boxed e-con e-parent\" data-id=\"0b99948\" data-element_type=\"container\" data-e-type=\"container\" data-settings=\"{&quot;jet_parallax_layout_list&quot;:[]}\">\n\t\t\t\t\t<div class=\"e-con-inner\">\n\t\t<div class=\"elementor-element elementor-element-672ab55 e-con-full e-flex e-con e-child\" data-id=\"672ab55\" data-element_type=\"container\" data-e-type=\"container\" data-settings=\"{&quot;jet_parallax_layout_list&quot;:[],&quot;background_background&quot;:&quot;classic&quot;}\">\n\t\t\t\t<\/div>\n\t\t<div class=\"elementor-element elementor-element-1caa2de e-con-full e-flex e-con e-child\" data-id=\"1caa2de\" data-element_type=\"container\" data-e-type=\"container\" data-settings=\"{&quot;background_background&quot;:&quot;classic&quot;,&quot;jet_parallax_layout_list&quot;:[]}\">\n\t\t\t\t<div class=\"elementor-element elementor-element-fa12cdc elementor-widget elementor-widget-heading\" data-id=\"fa12cdc\" data-element_type=\"widget\" data-e-type=\"widget\" data-settings=\"{&quot;_animation&quot;:&quot;none&quot;}\" data-widget_type=\"heading.default\">\n\t\t\t\t<div class=\"elementor-widget-container\">\n\t\t\t\t\t<h2 class=\"elementor-heading-title elementor-size-default\">La Nostra Competenza nel Charter<\/h2>\t\t\t\t<\/div>\n\t\t\t\t<\/div>\n\t\t\t\t<div class=\"elementor-element elementor-element-96522b0 elementor-widget elementor-widget-text-editor\" data-id=\"96522b0\" data-element_type=\"widget\" data-e-type=\"widget\" data-settings=\"{&quot;_animation&quot;:&quot;none&quot;}\" data-widget_type=\"text-editor.default\">\n\t\t\t\t<div class=\"elementor-widget-container\">\n\t\t\t\t\t\t\t\t\t<p class=\"font-claude-response-body break-words whitespace-normal leading-[1.7]\">Il <strong>charter di superyacht<\/strong> \u00e8 la nostra attivit\u00e0 storica. Da oltre due decenni, organizziamo crociere su misura per una clientela internazionale che cerca pi\u00f9 di uno yacht \u2014 un&#8217;esperienza completa, senza intoppi, nelle destinazioni pi\u00f9 belle del mondo. <\/p><p class=\"font-claude-response-body break-words whitespace-normal leading-[1.7]\">Il nostro approccio si basa su tre pilastri:<\/p><p class=\"font-claude-response-body break-words whitespace-normal leading-[1.7]\"><strong>La selezione rigorosa delle unit\u00e0.<\/strong> Proponiamo solo yacht sui quali accetteremmo noi stessi di imbarcarci. Ogni unit\u00e0 viene valutata in base alle dotazioni, allo stato di manutenzione, alla qualit\u00e0 dell&#8217;equipaggio e alla coerenza tra la presentazione commerciale e la realt\u00e0 a bordo.<\/p><p class=\"font-claude-response-body break-words whitespace-normal leading-[1.7]\"><strong>La comprensione precisa di ogni progetto.<\/strong> Un charter per una famiglia con tre bambini piccoli non ha nulla a che vedere con un charter aziendale per 20 persone durante il Festival di Cannes. Il nostro primo compito \u00e8 capire esattamente cosa cerchi \u2014 per orientarti verso la soluzione che corrisponde realmente alle tue esigenze, non verso quella che appare meglio su una brochure.<\/p><p class=\"font-claude-response-body break-words whitespace-normal leading-[1.7]\"><strong>La trasparenza totale sui costi.<\/strong> Ogni preventivo include una stima APA (Advance Provisioning Allowance) dettagliata \u2014 carburante, tasse portuali, provviste, tasse. Nessun costo nascosto, nessuna sorpresa a fine navigazione. Qualsiasi saldo APA non consumato viene restituito con i relativi giustificativi. <\/p>\t\t\t\t\t\t\t\t<\/div>\n\t\t\t\t<\/div>\n\t\t\t\t<\/div>\n\t\t\t\t\t<\/div>\n\t\t\t\t<\/div>\n\t\t<div class=\"elementor-element elementor-element-5d1a357 e-flex e-con-boxed e-con e-parent\" data-id=\"5d1a357\" data-element_type=\"container\" data-e-type=\"container\" data-settings=\"{&quot;jet_parallax_layout_list&quot;:[]}\">\n\t\t\t\t\t<div class=\"e-con-inner\">\n\t\t<div class=\"elementor-element elementor-element-78ad22c e-con-full e-flex e-con e-child\" data-id=\"78ad22c\" data-element_type=\"container\" data-e-type=\"container\" data-settings=\"{&quot;background_background&quot;:&quot;classic&quot;,&quot;jet_parallax_layout_list&quot;:[]}\">\n\t\t\t\t<div class=\"elementor-element elementor-element-a37c64f elementor-widget elementor-widget-heading\" data-id=\"a37c64f\" data-element_type=\"widget\" data-e-type=\"widget\" data-settings=\"{&quot;_animation&quot;:&quot;none&quot;}\" data-widget_type=\"heading.default\">\n\t\t\t\t<div class=\"elementor-widget-container\">\n\t\t\t\t\t<h2 class=\"elementor-heading-title elementor-size-default\">La Nostra Competenza nel Brokeraggio<\/h2>\t\t\t\t<\/div>\n\t\t\t\t<\/div>\n\t\t\t\t<div class=\"elementor-element elementor-element-fde705a elementor-widget elementor-widget-text-editor\" data-id=\"fde705a\" data-element_type=\"widget\" data-e-type=\"widget\" data-settings=\"{&quot;_animation&quot;:&quot;none&quot;}\" data-widget_type=\"text-editor.default\">\n\t\t\t\t<div class=\"elementor-widget-container\">\n\t\t\t\t\t\t\t\t\t<p class=\"font-claude-response-body break-words whitespace-normal leading-[1.7]\">Il <strong>brokeraggio di yacht di lusso<\/strong> \u00e8 il secondo pilastro della nostra attivit\u00e0. Accompagnare un cliente nell&#8217;acquisto o nella vendita di un superyacht \u00e8 un processo complesso che mobilita competenze tecniche, legali, finanziarie e relazionali che poche agenzie padroneggiano veramente. <\/p><p class=\"font-claude-response-body break-words whitespace-normal leading-[1.7]\"><strong>Per gli acquirenti<\/strong>, il nostro valore aggiunto \u00e8 duplice: l&#8217;accesso a opportunit\u00e0 off-market che il mercato aperto non vede mai, e un accompagnamento completo in tutte le fasi dell&#8217;acquisizione \u2014 ricerca, selezione, ispezione tecnica, prove in mare, negoziazione, due diligence legale, cambio di bandiera e consegna.<\/p><p class=\"font-claude-response-body break-words whitespace-normal leading-[1.7]\"><strong>Per i venditori<\/strong>, offriamo una valorizzazione ottimale del loro bene grazie a una strategia di diffusione mirata, una presentazione qualitativa e l&#8217;accesso alla nostra rete internazionale di acquirenti qualificati. Ogni vendita \u00e8 gestita in un contesto strettamente confidenziale, con acquirenti pre-qualificati e un processo sicuro dall&#8217;inizio alla fine. <\/p><p class=\"font-claude-response-body break-words whitespace-normal leading-[1.7]\"><a class=\"underline underline underline-offset-2 decoration-1 decoration-current\/40 hover:decoration-current focus:decoration-current\" href=\"https:\/\/internationalyachtscharterandbrokerage.com\/it\/servizi\/vendita-di-yacht\/\">Scopri il nostro servizio di brokerage<\/a><\/p>\t\t\t\t\t\t\t\t<\/div>\n\t\t\t\t<\/div>\n\t\t\t\t<\/div>\n\t\t<div class=\"elementor-element elementor-element-da71096 e-con-full e-flex e-con e-child\" data-id=\"da71096\" data-element_type=\"container\" data-e-type=\"container\" data-settings=\"{&quot;jet_parallax_layout_list&quot;:[],&quot;background_background&quot;:&quot;classic&quot;}\">\n\t\t\t\t<\/div>\n\t\t\t\t\t<\/div>\n\t\t\t\t<\/div>\n\t\t<div class=\"elementor-element elementor-element-16b81f5 e-flex e-con-boxed e-con e-parent\" data-id=\"16b81f5\" data-element_type=\"container\" data-e-type=\"container\" data-settings=\"{&quot;jet_parallax_layout_list&quot;:[]}\">\n\t\t\t\t\t<div class=\"e-con-inner\">\n\t\t<div class=\"elementor-element elementor-element-9b5bb0a e-con-full e-flex e-con e-child\" data-id=\"9b5bb0a\" data-element_type=\"container\" data-e-type=\"container\" data-settings=\"{&quot;background_background&quot;:&quot;classic&quot;,&quot;jet_parallax_layout_list&quot;:[]}\">\n\t\t\t\t<div class=\"elementor-element elementor-element-313b198 elementor-widget elementor-widget-heading\" data-id=\"313b198\" data-element_type=\"widget\" data-e-type=\"widget\" data-settings=\"{&quot;_animation&quot;:&quot;none&quot;}\" data-widget_type=\"heading.default\">\n\t\t\t\t<div class=\"elementor-widget-container\">\n\t\t\t\t\t<h2 class=\"elementor-heading-title elementor-size-default\">Le Nostre Destinazioni<\/h2>\t\t\t\t<\/div>\n\t\t\t\t<\/div>\n\t\t\t\t<div class=\"elementor-element elementor-element-b3b6f5d elementor-widget elementor-widget-text-editor\" data-id=\"b3b6f5d\" data-element_type=\"widget\" data-e-type=\"widget\" data-settings=\"{&quot;_animation&quot;:&quot;none&quot;}\" data-widget_type=\"text-editor.default\">\n\t\t\t\t<div class=\"elementor-widget-container\">\n\t\t\t\t\t\t\t\t\t<p class=\"font-claude-response-body break-words whitespace-normal leading-[1.7]\">Operiamo in tutte le principali destinazioni nautiche del Mediterraneo e oltre. La nostra conoscenza di ogni porto \u2014 i suoi vincoli di pescaggio, le sue posizioni strategiche, le sue stagioni di piena attivit\u00e0, i suoi gestori e capitani di porto \u2014 \u00e8 un vantaggio operativo concreto per i nostri clienti. <\/p><p class=\"font-claude-response-body break-words whitespace-normal leading-[1.7]\"><strong>Mediterraneo occidentale:<\/strong><\/p><ul class=\"[li_&amp;]:mb-0 [li_&amp;]:mt-1 [li_&amp;]:gap-1 [&amp;:not(:last-child)_ul]:pb-1 [&amp;:not(:last-child)_ol]:pb-1 list-disc flex flex-col gap-1 pl-8 mb-3\"><li class=\"whitespace-normal break-words pl-2\"><a class=\"underline underline underline-offset-2 decoration-1 decoration-current\/40 hover:decoration-current focus:decoration-current\" href=\"https:\/\/internationalyachtscharterandbrokerage.com\/it\/noleggio-yacht\/costa-azzurra\/\">Costa Azzurra<\/a> \u2014 Cannes, Monaco, Saint-Tropez, Antibes<\/li><li class=\"whitespace-normal break-words pl-2\"><a class=\"underline underline underline-offset-2 decoration-1 decoration-current\/40 hover:decoration-current focus:decoration-current\" href=\"https:\/\/internationalyachtscharterandbrokerage.com\/it\/noleggio-yacht\/italia\/\">Italia<\/a> \u2014 Sardegna Costa Smeralda, Capri, Amalfi<\/li><li class=\"whitespace-normal break-words pl-2\"><a class=\"underline underline underline-offset-2 decoration-1 decoration-current\/40 hover:decoration-current focus:decoration-current\" href=\"https:\/\/internationalyachtscharterandbrokerage.com\/it\/noleggio-yacht\/baleari\/\">Isole Baleari<\/a> \u2014 Ibiza, Maiorca, Formentera<\/li><\/ul><p class=\"font-claude-response-body break-words whitespace-normal leading-[1.7]\"><strong>Atlantico &amp; Caraibi:<\/strong><\/p><ul class=\"[li_&amp;]:mb-0 [li_&amp;]:mt-1 [li_&amp;]:gap-1 [&amp;:not(:last-child)_ul]:pb-1 [&amp;:not(:last-child)_ol]:pb-1 list-disc flex flex-col gap-1 pl-8 mb-3\"><li class=\"whitespace-normal break-words pl-2\"><a class=\"underline underline underline-offset-2 decoration-1 decoration-current\/40 hover:decoration-current focus:decoration-current\" href=\"https:\/\/internationalyachtscharterandbrokerage.com\/it\/noleggio-yacht\/caraibi\/\">Caraibi<\/a> \u2014 Saint-Barth\u00e9lemy, Antille francesi<\/li><li class=\"whitespace-normal break-words pl-2\">Altre destinazioni mondiali su richiesta<\/li><\/ul>\t\t\t\t\t\t\t\t<\/div>\n\t\t\t\t<\/div>\n\t\t\t\t<\/div>\n\t\t\t\t\t<\/div>\n\t\t\t\t<\/div>\n\t\t<div class=\"elementor-element elementor-element-de874e3 e-flex e-con-boxed e-con e-parent\" data-id=\"de874e3\" data-element_type=\"container\" data-e-type=\"container\" data-settings=\"{&quot;jet_parallax_layout_list&quot;:[]}\">\n\t\t\t\t\t<div class=\"e-con-inner\">\n\t\t<div class=\"elementor-element elementor-element-d5e57b7 e-con-full e-flex e-con e-child\" data-id=\"d5e57b7\" data-element_type=\"container\" data-e-type=\"container\" data-settings=\"{&quot;background_background&quot;:&quot;classic&quot;,&quot;jet_parallax_layout_list&quot;:[]}\">\n\t\t\t\t<div class=\"elementor-element elementor-element-395429e elementor-widget elementor-widget-heading\" data-id=\"395429e\" data-element_type=\"widget\" data-e-type=\"widget\" data-settings=\"{&quot;_animation&quot;:&quot;none&quot;}\" data-widget_type=\"heading.default\">\n\t\t\t\t<div class=\"elementor-widget-container\">\n\t\t\t\t\t<h2 class=\"elementor-heading-title elementor-size-default\">Il Nostro Impegno<\/h2>\t\t\t\t<\/div>\n\t\t\t\t<\/div>\n\t\t\t\t<div class=\"elementor-element elementor-element-cc7a2f1 elementor-widget elementor-widget-text-editor\" data-id=\"cc7a2f1\" data-element_type=\"widget\" data-e-type=\"widget\" data-settings=\"{&quot;_animation&quot;:&quot;none&quot;}\" data-widget_type=\"text-editor.default\">\n\t\t\t\t<div class=\"elementor-widget-container\">\n\t\t\t\t\t\t\t\t\t<p class=\"font-claude-response-body break-words whitespace-normal leading-[1.7]\">Vent&#8217;anni nello yachting di lusso ci hanno insegnato una cosa essenziale: i clienti che tornano non tornano per lo yacht. Tornano per la relazione, la fiducia e la certezza che le loro aspettative saranno comprese e soddisfatte \u2014 anche e soprattutto quando qualcosa va diversamente dal previsto. <\/p><p class=\"font-claude-response-body break-words whitespace-normal leading-[1.7]\">\u00c8 questo impegno che guida ogni nostra decisione, dalla prima conversazione alla fine del charter o alla consegna dello yacht.<\/p>\t\t\t\t\t\t\t\t<\/div>\n\t\t\t\t<\/div>\n\t\t\t\t<div class=\"elementor-element elementor-element-1d9b4e2 elementor-mobile-align-center elementor-align-center elementor-widget elementor-widget-button\" data-id=\"1d9b4e2\" data-element_type=\"widget\" data-e-type=\"widget\" data-settings=\"{&quot;_animation&quot;:&quot;none&quot;}\" data-widget_type=\"button.default\">\n\t\t\t\t<div class=\"elementor-widget-container\">\n\t\t\t\t\t\t\t\t\t<div class=\"elementor-button-wrapper\">\n\t\t\t\t\t<a class=\"elementor-button elementor-button-link elementor-size-sm\" href=\"https:\/\/internationalyachtscharterandbrokerage.com\/it\/contatto\/\">\n\t\t\t\t\t\t<span class=\"elementor-button-content-wrapper\">\n\t\t\t\t\t\t\t\t\t<span class=\"elementor-button-text\">Contattaci<\/span>\n\t\t\t\t\t<\/span>\n\t\t\t\t\t<\/a>\n\t\t\t\t<\/div>\n\t\t\t\t\t\t\t\t<\/div>\n\t\t\t\t<\/div>\n\t\t\t\t<\/div>\n\t\t\t\t\t<\/div>\n\t\t\t\t<\/div>\n\t\t\t\t<\/div>\n\t\t","protected":false},"excerpt":{"rendered":"<p>International Yachts Charter and Brokerage XXIII \u2014 La Nostra Storia, La Nostra Competenza Un&#8217;Agenzia Costruita sull&#8217;Esperienza sul Campo International Yachts Charter and Brokerage XXIII \u00e8 nata da una semplice convinzione: lo yachting di lusso merita di pi\u00f9 che intermediari generalisti. Di pi\u00f9 che piattaforme che aggregano migliaia di imbarcazioni senza conoscerle. Di pi\u00f9 che broker [&hellip;]<\/p>\n","protected":false},"author":1,"featured_media":1844,"parent":0,"menu_order":0,"comment_status":"closed","ping_status":"closed","template":"elementor_header_footer","meta":{"footnotes":""},"class_list":["post-1842","page","type-page","status-publish","has-post-thumbnail","hentry"],"_hostinger_reach_plugin_has_subscription_block":false,"_hostinger_reach_plugin_is_elementor":false,"jetpack_sharing_enabled":true,"_links":{"self":[{"href":"https:\/\/internationalyachtscharterandbrokerage.com\/it\/wp-json\/wp\/v2\/pages\/1842","targetHints":{"allow":["GET"]}}],"collection":[{"href":"https:\/\/internationalyachtscharterandbrokerage.com\/it\/wp-json\/wp\/v2\/pages"}],"about":[{"href":"https:\/\/internationalyachtscharterandbrokerage.com\/it\/wp-json\/wp\/v2\/types\/page"}],"author":[{"embeddable":true,"href":"https:\/\/internationalyachtscharterandbrokerage.com\/it\/wp-json\/wp\/v2\/users\/1"}],"replies":[{"embeddable":true,"href":"https:\/\/internationalyachtscharterandbrokerage.com\/it\/wp-json\/wp\/v2\/comments?post=1842"}],"version-history":[{"count":0,"href":"https:\/\/internationalyachtscharterandbrokerage.com\/it\/wp-json\/wp\/v2\/pages\/1842\/revisions"}],"wp:featuredmedia":[{"embeddable":true,"href":"https:\/\/internationalyachtscharterandbrokerage.com\/it\/wp-json\/wp\/v2\/media\/1844"}],"wp:attachment":[{"href":"https:\/\/internationalyachtscharterandbrokerage.com\/it\/wp-json\/wp\/v2\/media?parent=1842"}],"curies":[{"name":"wp","href":"https:\/\/api.w.org\/{rel}","templated":true}]}}