{"id":1761,"date":"2025-05-05T15:42:22","date_gmt":"2025-05-05T15:42:22","guid":{"rendered":"https:\/\/internationalyachtscharterandbrokerage.com\/quienes-somos\/"},"modified":"2026-04-01T10:21:47","modified_gmt":"2026-04-01T10:21:47","slug":"quienes-somos","status":"publish","type":"page","link":"https:\/\/internationalyachtscharterandbrokerage.com\/es\/quienes-somos\/","title":{"rendered":"\u00bfQui\u00e9nes somos?"},"content":{"rendered":"\t\t<div data-elementor-type=\"wp-page\" data-elementor-id=\"1761\" class=\"elementor elementor-1761 elementor-1214\" data-elementor-post-type=\"page\">\n\t\t\t\t<div class=\"elementor-element elementor-element-ba9033d e-con-full e-flex e-con e-parent\" data-id=\"ba9033d\" data-element_type=\"container\" data-e-type=\"container\" data-settings=\"{&quot;background_background&quot;:&quot;classic&quot;,&quot;jet_parallax_layout_list&quot;:[]}\">\n\t\t\t\t<div class=\"elementor-element elementor-element-52860b8 elementor-widget elementor-widget-heading\" data-id=\"52860b8\" data-element_type=\"widget\" data-e-type=\"widget\" data-widget_type=\"heading.default\">\n\t\t\t\t<div class=\"elementor-widget-container\">\n\t\t\t\t\t<h1 class=\"elementor-heading-title elementor-size-default\">International Yachts Charter and Brokerage XXIII \u2014 Nuestra Historia, Nuestra Experiencia<\/h1>\t\t\t\t<\/div>\n\t\t\t\t<\/div>\n\t\t\t\t<div class=\"elementor-element elementor-element-5669e05 elementor-widget elementor-widget-text-editor\" data-id=\"5669e05\" data-element_type=\"widget\" data-e-type=\"widget\" data-settings=\"{&quot;_animation&quot;:&quot;none&quot;}\" data-widget_type=\"text-editor.default\">\n\t\t\t\t<div class=\"elementor-widget-container\">\n\t\t\t\t\t\t\t\t\t<h2 class=\"text-text-100 mt-3 -mb-1 text-[1.125rem] font-bold\">Una Agencia Construida sobre la Experiencia en el Terreno<\/h2><p class=\"font-claude-response-body break-words whitespace-normal leading-[1.7]\"><strong>International Yachts Charter and Brokerage XXIII<\/strong> naci\u00f3 de una convicci\u00f3n simple: el ch\u00e1rter de yates de lujo merece algo mejor que intermediarios generalistas. Mejor que plataformas que agrupan miles de embarcaciones sin conocerlas. Mejor que corredores que operan desde una oficina sin pisar nunca a bordo.  <\/p><p class=\"font-claude-response-body break-words whitespace-normal leading-[1.7]\">Desde hace m\u00e1s de <strong>20 a\u00f1os<\/strong>, nuestro equipo acompa\u00f1a a una clientela internacional exigente en dos profesiones distintas pero complementarias: el <strong>ch\u00e1rter de superyates con tripulaci\u00f3n<\/strong> y el <strong>brokerage de yates de lujo<\/strong>. Dos disciplinas que requieren un conocimiento \u00edntimo de las unidades, las tripulaciones, los puertos y los mercados; un conocimiento que solo se adquiere en el terreno, a lo largo de las temporadas y las navegaciones. <\/p><p class=\"font-claude-response-body break-words whitespace-normal leading-[1.7]\">Operamos en los mercados m\u00e1s exigentes del Mediterr\u00e1neo \u2014 <a class=\"underline underline underline-offset-2 decoration-1 decoration-current\/40 hover:decoration-current focus:decoration-current\" href=\"https:\/\/internationalyachtscharterandbrokerage.com\/es\/alquiler-de-yates\/costa-azul\/\">Costa Azul<\/a>, <a class=\"underline underline underline-offset-2 decoration-1 decoration-current\/40 hover:decoration-current focus:decoration-current\" href=\"https:\/\/internationalyachtscharterandbrokerage.com\/es\/alquiler-de-yates\/costa-azul\/monaco\/\">M\u00f3naco<\/a>, <a class=\"underline underline underline-offset-2 decoration-1 decoration-current\/40 hover:decoration-current focus:decoration-current\" href=\"https:\/\/internationalyachtscharterandbrokerage.com\/es\/alquiler-de-yates\/costa-azul\/cannes\/\">Cannes<\/a>, <a class=\"underline underline underline-offset-2 decoration-1 decoration-current\/40 hover:decoration-current focus:decoration-current\" href=\"https:\/\/internationalyachtscharterandbrokerage.com\/es\/alquiler-de-yates\/baleares\/ibiza\/\">Ibiza<\/a>, <a class=\"underline underline underline-offset-2 decoration-1 decoration-current\/40 hover:decoration-current focus:decoration-current\" href=\"https:\/\/internationalyachtscharterandbrokerage.com\/es\/alquiler-de-yates\/italia\/cerdena\/\">Cerde\u00f1a<\/a>, <a class=\"underline underline underline-offset-2 decoration-1 decoration-current\/40 hover:decoration-current focus:decoration-current\" href=\"https:\/\/internationalyachtscharterandbrokerage.com\/es\/alquiler-de-yates\/italia\/capri\/\">Capri<\/a> \u2014 y m\u00e1s all\u00e1, en el <a class=\"underline underline underline-offset-2 decoration-1 decoration-current\/40 hover:decoration-current focus:decoration-current\" href=\"https:\/\/internationalyachtscharterandbrokerage.com\/es\/alquiler-de-yates\/caribe\/\">Caribe<\/a> y otros grandes destinos n\u00e1uticos mundiales.<\/p>\t\t\t\t\t\t\t\t<\/div>\n\t\t\t\t<\/div>\n\t\t\t\t<\/div>\n\t\t<div class=\"elementor-element elementor-element-06130e6 e-flex e-con-boxed e-con e-parent\" data-id=\"06130e6\" data-element_type=\"container\" data-e-type=\"container\" data-settings=\"{&quot;jet_parallax_layout_list&quot;:[]}\">\n\t\t\t\t\t<div class=\"e-con-inner\">\n\t\t<div class=\"elementor-element elementor-element-a5b88d8 e-con-full e-flex e-con e-child\" data-id=\"a5b88d8\" data-element_type=\"container\" data-e-type=\"container\" data-settings=\"{&quot;background_background&quot;:&quot;classic&quot;,&quot;jet_parallax_layout_list&quot;:[]}\">\n\t\t\t\t<div class=\"elementor-element elementor-element-652d225 elementor-widget elementor-widget-heading\" data-id=\"652d225\" data-element_type=\"widget\" data-e-type=\"widget\" data-settings=\"{&quot;_animation&quot;:&quot;none&quot;}\" data-widget_type=\"heading.default\">\n\t\t\t\t<div class=\"elementor-widget-container\">\n\t\t\t\t\t<h2 class=\"elementor-heading-title elementor-size-default\">Lo Que Nos Diferencia<\/h2>\t\t\t\t<\/div>\n\t\t\t\t<\/div>\n\t\t\t\t<div class=\"elementor-element elementor-element-7016b3f elementor-widget elementor-widget-text-editor\" data-id=\"7016b3f\" data-element_type=\"widget\" data-e-type=\"widget\" data-settings=\"{&quot;_animation&quot;:&quot;none&quot;}\" data-widget_type=\"text-editor.default\">\n\t\t\t\t<div class=\"elementor-widget-container\">\n\t\t\t\t\t\t\t\t\t<h3 class=\"text-text-100 mt-2 -mb-1 text-base font-bold\">Un Conocimiento \u00cdntimo de los Yates que Ofrecemos<\/h3><p class=\"font-claude-response-body break-words whitespace-normal leading-[1.7]\">Cada unidad de nuestra selecci\u00f3n es conocida por nuestro equipo. No simplemente referenciada en una base de datos, sino conocida. Sabemos c\u00f3mo se comporta el PANAM con mar gruesa, cu\u00e1l es la calidad real del sue\u00f1o en los camarotes del SILVER WAVE, c\u00f3mo reacciona la tripulaci\u00f3n del TINY WAVE ante una solicitud de \u00faltima hora. Este conocimiento del terreno es lo que nos permite orientarle hacia la unidad realmente adecuada para su proyecto, no simplemente hacia la que mejor se ve en el cat\u00e1logo.   <\/p><h3 class=\"text-text-100 mt-2 -mb-1 text-base font-bold\">Acceso Real Fuera del Mercado<\/h3><p class=\"font-claude-response-body break-words whitespace-normal leading-[1.7]\">Una parte significativa de nuestra selecci\u00f3n \u2014tanto en ch\u00e1rter como en brokerage\u2014 no es visible en las plataformas generalistas. Nuestras relaciones directas con los propietarios y gestores de flotas, construidas a lo largo de a\u00f1os de trabajo y confianza mutua, nos dan acceso a oportunidades que nunca llegan al mercado abierto. Para nuestros clientes, esto significa un acceso privilegiado a yates excepcionales, a menudo en condiciones comerciales m\u00e1s ventajosas.  <\/p><h3 class=\"text-text-100 mt-2 -mb-1 text-base font-bold\">La Discreci\u00f3n como Est\u00e1ndar<\/h3><p class=\"font-claude-response-body break-words whitespace-normal leading-[1.7]\">Nuestra clientela \u2014empresarios, inversores, personalidades p\u00fablicas, familias adineradas\u2014 no tiene que justificar su necesidad de discreci\u00f3n. Es nuestro est\u00e1ndar de funcionamiento, no una opci\u00f3n. Los detalles de cada ch\u00e1rter o transacci\u00f3n se mantienen estrictamente confidenciales. Nuestros equipos no comentan ni divulgan la informaci\u00f3n de sus clientes, bajo ninguna circunstancia.   <\/p><h3 class=\"text-text-100 mt-2 -mb-1 text-base font-bold\">Un Servicio que No Termina con la Reserva<\/h3><p class=\"font-claude-response-body break-words whitespace-normal leading-[1.7]\">Nuestro acompa\u00f1amiento comienza mucho antes de la salida y contin\u00faa durante toda la duraci\u00f3n del ch\u00e1rter. Modificaci\u00f3n de itinerario a las 23:00, solicitud de servicio complementario durante la navegaci\u00f3n, problema t\u00e9cnico que resolver con urgencia: nuestro equipo est\u00e1 disponible y es reactivo 7 d\u00edas a la semana. Este nivel de servicio no es un argumento comercial. Es simplemente lo que nuestros clientes esperan, y lo que ofrecemos.   <\/p>\t\t\t\t\t\t\t\t<\/div>\n\t\t\t\t<\/div>\n\t\t\t\t<\/div>\n\t\t<div class=\"elementor-element elementor-element-25ded3f e-con-full e-flex e-con e-child\" data-id=\"25ded3f\" data-element_type=\"container\" data-e-type=\"container\" data-settings=\"{&quot;jet_parallax_layout_list&quot;:[],&quot;background_background&quot;:&quot;classic&quot;}\">\n\t\t\t\t<\/div>\n\t\t\t\t\t<\/div>\n\t\t\t\t<\/div>\n\t\t<div class=\"elementor-element elementor-element-0b99948 e-flex e-con-boxed e-con e-parent\" data-id=\"0b99948\" data-element_type=\"container\" data-e-type=\"container\" data-settings=\"{&quot;jet_parallax_layout_list&quot;:[]}\">\n\t\t\t\t\t<div class=\"e-con-inner\">\n\t\t<div class=\"elementor-element elementor-element-672ab55 e-con-full e-flex e-con e-child\" data-id=\"672ab55\" data-element_type=\"container\" data-e-type=\"container\" data-settings=\"{&quot;jet_parallax_layout_list&quot;:[],&quot;background_background&quot;:&quot;classic&quot;}\">\n\t\t\t\t<\/div>\n\t\t<div class=\"elementor-element elementor-element-1caa2de e-con-full e-flex e-con e-child\" data-id=\"1caa2de\" data-element_type=\"container\" data-e-type=\"container\" data-settings=\"{&quot;background_background&quot;:&quot;classic&quot;,&quot;jet_parallax_layout_list&quot;:[]}\">\n\t\t\t\t<div class=\"elementor-element elementor-element-fa12cdc elementor-widget elementor-widget-heading\" data-id=\"fa12cdc\" data-element_type=\"widget\" data-e-type=\"widget\" data-settings=\"{&quot;_animation&quot;:&quot;none&quot;}\" data-widget_type=\"heading.default\">\n\t\t\t\t<div class=\"elementor-widget-container\">\n\t\t\t\t\t<h2 class=\"elementor-heading-title elementor-size-default\">Nuestra Experiencia en Ch\u00e1rter<\/h2>\t\t\t\t<\/div>\n\t\t\t\t<\/div>\n\t\t\t\t<div class=\"elementor-element elementor-element-96522b0 elementor-widget elementor-widget-text-editor\" data-id=\"96522b0\" data-element_type=\"widget\" data-e-type=\"widget\" data-settings=\"{&quot;_animation&quot;:&quot;none&quot;}\" data-widget_type=\"text-editor.default\">\n\t\t\t\t<div class=\"elementor-widget-container\">\n\t\t\t\t\t\t\t\t\t<p class=\"font-claude-response-body break-words whitespace-normal leading-[1.7]\">El <strong>ch\u00e1rter de superyates<\/strong> es nuestra actividad hist\u00f3rica. Desde hace m\u00e1s de dos d\u00e9cadas, organizamos cruceros a medida para una clientela internacional que busca m\u00e1s que un yate: una experiencia completa, sin fricciones, en los destinos m\u00e1s bellos del mundo. <\/p><p class=\"font-claude-response-body break-words whitespace-normal leading-[1.7]\">Nuestro enfoque se basa en tres pilares:<\/p><p class=\"font-claude-response-body break-words whitespace-normal leading-[1.7]\"><strong>La rigurosa selecci\u00f3n de las unidades.<\/strong> Solo ofrecemos yates en los que nosotros mismos aceptar\u00edamos embarcar. Cada unidad es evaluada por sus equipamientos, el estado de su mantenimiento, la calidad de su tripulaci\u00f3n y la coherencia entre su presentaci\u00f3n comercial y su realidad a bordo.<\/p><p class=\"font-claude-response-body break-words whitespace-normal leading-[1.7]\"><strong>La comprensi\u00f3n precisa de cada proyecto.<\/strong> Un ch\u00e1rter para una familia con tres ni\u00f1os peque\u00f1os no tiene nada que ver con un ch\u00e1rter corporativo para 20 personas durante el Festival de Cannes. Nuestro primer trabajo es comprender exactamente lo que busca \u2014 para orientarle hacia la soluci\u00f3n que realmente se ajusta, no hacia la que mejor se presenta en un folleto.<\/p><p class=\"font-claude-response-body break-words whitespace-normal leading-[1.7]\"><strong>La transparencia total en los costes.<\/strong> Cada presupuesto incluye una estimaci\u00f3n detallada de APA (Advance Provisioning Allowance) \u2014 combustible, tasas portuarias, provisiones, impuestos. Sin costes ocultos, sin sorpresas al final de la navegaci\u00f3n. Cualquier saldo de APA no consumido se devuelve con los justificantes. <\/p>\t\t\t\t\t\t\t\t<\/div>\n\t\t\t\t<\/div>\n\t\t\t\t<\/div>\n\t\t\t\t\t<\/div>\n\t\t\t\t<\/div>\n\t\t<div class=\"elementor-element elementor-element-5d1a357 e-flex e-con-boxed e-con e-parent\" data-id=\"5d1a357\" data-element_type=\"container\" data-e-type=\"container\" data-settings=\"{&quot;jet_parallax_layout_list&quot;:[]}\">\n\t\t\t\t\t<div class=\"e-con-inner\">\n\t\t<div class=\"elementor-element elementor-element-78ad22c e-con-full e-flex e-con e-child\" data-id=\"78ad22c\" data-element_type=\"container\" data-e-type=\"container\" data-settings=\"{&quot;background_background&quot;:&quot;classic&quot;,&quot;jet_parallax_layout_list&quot;:[]}\">\n\t\t\t\t<div class=\"elementor-element elementor-element-a37c64f elementor-widget elementor-widget-heading\" data-id=\"a37c64f\" data-element_type=\"widget\" data-e-type=\"widget\" data-settings=\"{&quot;_animation&quot;:&quot;none&quot;}\" data-widget_type=\"heading.default\">\n\t\t\t\t<div class=\"elementor-widget-container\">\n\t\t\t\t\t<h2 class=\"elementor-heading-title elementor-size-default\">Nuestra Experiencia en Brokerage<\/h2>\t\t\t\t<\/div>\n\t\t\t\t<\/div>\n\t\t\t\t<div class=\"elementor-element elementor-element-fde705a elementor-widget elementor-widget-text-editor\" data-id=\"fde705a\" data-element_type=\"widget\" data-e-type=\"widget\" data-settings=\"{&quot;_animation&quot;:&quot;none&quot;}\" data-widget_type=\"text-editor.default\">\n\t\t\t\t<div class=\"elementor-widget-container\">\n\t\t\t\t\t\t\t\t\t<p class=\"font-claude-response-body break-words whitespace-normal leading-[1.7]\">El <strong>brokerage de yates de lujo<\/strong> es el segundo pilar de nuestra actividad. Acompa\u00f1ar a un cliente en la compra o venta de un superyate es un proceso complejo que moviliza competencias t\u00e9cnicas, jur\u00eddicas, financieras y relacionales que pocas agencias dominan realmente. <\/p><p class=\"font-claude-response-body break-words whitespace-normal leading-[1.7]\"><strong>Para los compradores<\/strong>, nuestro valor a\u00f1adido es doble: el acceso a oportunidades fuera del mercado que el mercado abierto nunca ve, y un acompa\u00f1amiento completo en todas las etapas de la adquisici\u00f3n \u2014b\u00fasqueda, selecci\u00f3n, inspecci\u00f3n t\u00e9cnica, pruebas de mar, negociaci\u00f3n, due diligence legal, cambio de bandera y entrega.<\/p><p class=\"font-claude-response-body break-words whitespace-normal leading-[1.7]\"><strong>Para los vendedores<\/strong>, ofrecemos una valoraci\u00f3n \u00f3ptima de su propiedad gracias a una estrategia de difusi\u00f3n dirigida, una presentaci\u00f3n cualitativa y el acceso a nuestra red internacional de compradores cualificados. Cada venta se gestiona en un marco estrictamente confidencial, con compradores precalificados y un proceso seguro de principio a fin. <\/p><p class=\"font-claude-response-body break-words whitespace-normal leading-[1.7]\"><a class=\"underline underline underline-offset-2 decoration-1 decoration-current\/40 hover:decoration-current focus:decoration-current\" href=\"https:\/\/internationalyachtscharterandbrokerage.com\/es\/servicios\/venta-de-yates\/\">Descubrir nuestro servicio de brokerage<\/a><\/p>\t\t\t\t\t\t\t\t<\/div>\n\t\t\t\t<\/div>\n\t\t\t\t<\/div>\n\t\t<div class=\"elementor-element elementor-element-da71096 e-con-full e-flex e-con e-child\" data-id=\"da71096\" data-element_type=\"container\" data-e-type=\"container\" data-settings=\"{&quot;jet_parallax_layout_list&quot;:[],&quot;background_background&quot;:&quot;classic&quot;}\">\n\t\t\t\t<\/div>\n\t\t\t\t\t<\/div>\n\t\t\t\t<\/div>\n\t\t<div class=\"elementor-element elementor-element-16b81f5 e-flex e-con-boxed e-con e-parent\" data-id=\"16b81f5\" data-element_type=\"container\" data-e-type=\"container\" data-settings=\"{&quot;jet_parallax_layout_list&quot;:[]}\">\n\t\t\t\t\t<div class=\"e-con-inner\">\n\t\t<div class=\"elementor-element elementor-element-9b5bb0a e-con-full e-flex e-con e-child\" data-id=\"9b5bb0a\" data-element_type=\"container\" data-e-type=\"container\" data-settings=\"{&quot;background_background&quot;:&quot;classic&quot;,&quot;jet_parallax_layout_list&quot;:[]}\">\n\t\t\t\t<div class=\"elementor-element elementor-element-313b198 elementor-widget elementor-widget-heading\" data-id=\"313b198\" data-element_type=\"widget\" data-e-type=\"widget\" data-settings=\"{&quot;_animation&quot;:&quot;none&quot;}\" data-widget_type=\"heading.default\">\n\t\t\t\t<div class=\"elementor-widget-container\">\n\t\t\t\t\t<h2 class=\"elementor-heading-title elementor-size-default\">Nuestros destinos<\/h2>\t\t\t\t<\/div>\n\t\t\t\t<\/div>\n\t\t\t\t<div class=\"elementor-element elementor-element-b3b6f5d elementor-widget elementor-widget-text-editor\" data-id=\"b3b6f5d\" data-element_type=\"widget\" data-e-type=\"widget\" data-settings=\"{&quot;_animation&quot;:&quot;none&quot;}\" data-widget_type=\"text-editor.default\">\n\t\t\t\t<div class=\"elementor-widget-container\">\n\t\t\t\t\t\t\t\t\t<p class=\"font-claude-response-body break-words whitespace-normal leading-[1.7]\">Operamos en todos los principales destinos n\u00e1uticos del Mediterr\u00e1neo y m\u00e1s all\u00e1. Nuestro conocimiento de cada puerto \u2014sus limitaciones de calado, sus ubicaciones estrat\u00e9gicas, sus temporadas de m\u00e1xima actividad, sus gestores y capitanes de puerto\u2014 es una ventaja operativa concreta para nuestros clientes. <\/p><p class=\"font-claude-response-body break-words whitespace-normal leading-[1.7]\"><strong>Mediterr\u00e1neo occidental:<\/strong><\/p><ul class=\"[li_&amp;]:mb-0 [li_&amp;]:mt-1 [li_&amp;]:gap-1 [&amp;:not(:last-child)_ul]:pb-1 [&amp;:not(:last-child)_ol]:pb-1 list-disc flex flex-col gap-1 pl-8 mb-3\"><li class=\"whitespace-normal break-words pl-2\"><a class=\"underline underline underline-offset-2 decoration-1 decoration-current\/40 hover:decoration-current focus:decoration-current\" href=\"https:\/\/internationalyachtscharterandbrokerage.com\/es\/alquiler-de-yates\/costa-azul\/\">Costa Azul<\/a> \u2014 Cannes, M\u00f3naco, Saint-Tropez, Antibes<\/li><li class=\"whitespace-normal break-words pl-2\"><a class=\"underline underline underline-offset-2 decoration-1 decoration-current\/40 hover:decoration-current focus:decoration-current\" href=\"https:\/\/internationalyachtscharterandbrokerage.com\/es\/alquiler-de-yates\/italia\/\">Italia<\/a> \u2014 Cerde\u00f1a Costa Esmeralda, Capri, Amalfi<\/li><li class=\"whitespace-normal break-words pl-2\"><a class=\"underline underline underline-offset-2 decoration-1 decoration-current\/40 hover:decoration-current focus:decoration-current\" href=\"https:\/\/internationalyachtscharterandbrokerage.com\/es\/alquiler-de-yates\/baleares\/\">Islas Baleares<\/a> \u2014 Ibiza, Mallorca, Formentera<\/li><\/ul><p class=\"font-claude-response-body break-words whitespace-normal leading-[1.7]\"><strong>Atl\u00e1ntico y Caribe:<\/strong><\/p><ul class=\"[li_&amp;]:mb-0 [li_&amp;]:mt-1 [li_&amp;]:gap-1 [&amp;:not(:last-child)_ul]:pb-1 [&amp;:not(:last-child)_ol]:pb-1 list-disc flex flex-col gap-1 pl-8 mb-3\"><li class=\"whitespace-normal break-words pl-2\"><a class=\"underline underline underline-offset-2 decoration-1 decoration-current\/40 hover:decoration-current focus:decoration-current\" href=\"https:\/\/internationalyachtscharterandbrokerage.com\/es\/alquiler-de-yates\/caribe\/\">Caribe<\/a> \u2014 San Bartolom\u00e9, Antillas francesas<\/li><li class=\"whitespace-normal break-words pl-2\">Otros destinos mundiales bajo petici\u00f3n<\/li><\/ul>\t\t\t\t\t\t\t\t<\/div>\n\t\t\t\t<\/div>\n\t\t\t\t<\/div>\n\t\t\t\t\t<\/div>\n\t\t\t\t<\/div>\n\t\t<div class=\"elementor-element elementor-element-de874e3 e-flex e-con-boxed e-con e-parent\" data-id=\"de874e3\" data-element_type=\"container\" data-e-type=\"container\" data-settings=\"{&quot;jet_parallax_layout_list&quot;:[]}\">\n\t\t\t\t\t<div class=\"e-con-inner\">\n\t\t<div class=\"elementor-element elementor-element-d5e57b7 e-con-full e-flex e-con e-child\" data-id=\"d5e57b7\" data-element_type=\"container\" data-e-type=\"container\" data-settings=\"{&quot;background_background&quot;:&quot;classic&quot;,&quot;jet_parallax_layout_list&quot;:[]}\">\n\t\t\t\t<div class=\"elementor-element elementor-element-395429e elementor-widget elementor-widget-heading\" data-id=\"395429e\" data-element_type=\"widget\" data-e-type=\"widget\" data-settings=\"{&quot;_animation&quot;:&quot;none&quot;}\" data-widget_type=\"heading.default\">\n\t\t\t\t<div class=\"elementor-widget-container\">\n\t\t\t\t\t<h2 class=\"elementor-heading-title elementor-size-default\">Nuestro Compromiso<\/h2>\t\t\t\t<\/div>\n\t\t\t\t<\/div>\n\t\t\t\t<div class=\"elementor-element elementor-element-cc7a2f1 elementor-widget elementor-widget-text-editor\" data-id=\"cc7a2f1\" data-element_type=\"widget\" data-e-type=\"widget\" data-settings=\"{&quot;_animation&quot;:&quot;none&quot;}\" data-widget_type=\"text-editor.default\">\n\t\t\t\t<div class=\"elementor-widget-container\">\n\t\t\t\t\t\t\t\t\t<p class=\"font-claude-response-body break-words whitespace-normal leading-[1.7]\">Veinte a\u00f1os en el ch\u00e1rter de yates de lujo nos han ense\u00f1ado una cosa esencial: los clientes que regresan no lo hacen por el yate. Regresan por la relaci\u00f3n, la confianza y la certeza de que sus expectativas ser\u00e1n comprendidas y satisfechas, incluso y sobre todo cuando algo no sale seg\u00fan lo previsto. <\/p><p class=\"font-claude-response-body break-words whitespace-normal leading-[1.7]\">Es este compromiso el que gu\u00eda cada una de nuestras decisiones, desde la primera conversaci\u00f3n hasta el final del ch\u00e1rter o la entrega del yate.<\/p>\t\t\t\t\t\t\t\t<\/div>\n\t\t\t\t<\/div>\n\t\t\t\t<div class=\"elementor-element elementor-element-1d9b4e2 elementor-mobile-align-center elementor-align-center elementor-widget elementor-widget-button\" data-id=\"1d9b4e2\" data-element_type=\"widget\" data-e-type=\"widget\" data-settings=\"{&quot;_animation&quot;:&quot;none&quot;}\" data-widget_type=\"button.default\">\n\t\t\t\t<div class=\"elementor-widget-container\">\n\t\t\t\t\t\t\t\t\t<div class=\"elementor-button-wrapper\">\n\t\t\t\t\t<a class=\"elementor-button elementor-button-link elementor-size-sm\" href=\"https:\/\/internationalyachtscharterandbrokerage.com\/es\/contacto\/\">\n\t\t\t\t\t\t<span class=\"elementor-button-content-wrapper\">\n\t\t\t\t\t\t\t\t\t<span class=\"elementor-button-text\">Cont\u00e1ctanos<\/span>\n\t\t\t\t\t<\/span>\n\t\t\t\t\t<\/a>\n\t\t\t\t<\/div>\n\t\t\t\t\t\t\t\t<\/div>\n\t\t\t\t<\/div>\n\t\t\t\t<\/div>\n\t\t\t\t\t<\/div>\n\t\t\t\t<\/div>\n\t\t\t\t<\/div>\n\t\t","protected":false},"excerpt":{"rendered":"<p>International Yachts Charter and Brokerage XXIII \u2014 Nuestra Historia, Nuestra Experiencia Una Agencia Construida sobre la Experiencia en el Terreno International Yachts Charter and Brokerage XXIII naci\u00f3 de una convicci\u00f3n simple: el ch\u00e1rter de yates de lujo merece algo mejor que intermediarios generalistas. Mejor que plataformas que agrupan miles de embarcaciones sin conocerlas. Mejor que [&hellip;]<\/p>\n","protected":false},"author":1,"featured_media":1765,"parent":0,"menu_order":0,"comment_status":"closed","ping_status":"closed","template":"elementor_header_footer","meta":{"footnotes":""},"class_list":["post-1761","page","type-page","status-publish","has-post-thumbnail","hentry"],"_hostinger_reach_plugin_has_subscription_block":false,"_hostinger_reach_plugin_is_elementor":false,"jetpack_sharing_enabled":true,"_links":{"self":[{"href":"https:\/\/internationalyachtscharterandbrokerage.com\/es\/wp-json\/wp\/v2\/pages\/1761","targetHints":{"allow":["GET"]}}],"collection":[{"href":"https:\/\/internationalyachtscharterandbrokerage.com\/es\/wp-json\/wp\/v2\/pages"}],"about":[{"href":"https:\/\/internationalyachtscharterandbrokerage.com\/es\/wp-json\/wp\/v2\/types\/page"}],"author":[{"embeddable":true,"href":"https:\/\/internationalyachtscharterandbrokerage.com\/es\/wp-json\/wp\/v2\/users\/1"}],"replies":[{"embeddable":true,"href":"https:\/\/internationalyachtscharterandbrokerage.com\/es\/wp-json\/wp\/v2\/comments?post=1761"}],"version-history":[{"count":0,"href":"https:\/\/internationalyachtscharterandbrokerage.com\/es\/wp-json\/wp\/v2\/pages\/1761\/revisions"}],"wp:featuredmedia":[{"embeddable":true,"href":"https:\/\/internationalyachtscharterandbrokerage.com\/es\/wp-json\/wp\/v2\/media\/1765"}],"wp:attachment":[{"href":"https:\/\/internationalyachtscharterandbrokerage.com\/es\/wp-json\/wp\/v2\/media?parent=1761"}],"curies":[{"name":"wp","href":"https:\/\/api.w.org\/{rel}","templated":true}]}}